{"id":391,"date":"2026-02-12T14:53:16","date_gmt":"2026-02-12T13:53:16","guid":{"rendered":"https:\/\/inter-kas.pl\/saio\/?page_id=391"},"modified":"2026-02-18T10:12:16","modified_gmt":"2026-02-18T09:12:16","slug":"aplikacje","status":"publish","type":"page","link":"https:\/\/inter-kas.pl\/saio\/aplikacje\/","title":{"rendered":"Aplikacje"},"content":{"rendered":"\t\t<div data-elementor-type=\"wp-page\" data-elementor-id=\"391\" class=\"elementor elementor-391\" data-elementor-post-type=\"page\">\n\t\t\t\t<div class=\"elementor-element elementor-element-8a00038 e-flex e-con-boxed e-con e-parent\" data-id=\"8a00038\" data-element_type=\"container\" data-e-type=\"container\">\n\t\t\t\t\t<div class=\"e-con-inner\">\n\t\t<div class=\"elementor-element elementor-element-96837bf e-con-full e-flex e-con e-child\" data-id=\"96837bf\" data-element_type=\"container\" data-e-type=\"container\">\n\t\t\t\t<div class=\"elementor-element elementor-element-31762b3 elementor-widget elementor-widget-heading\" data-id=\"31762b3\" data-element_type=\"widget\" data-e-type=\"widget\" data-widget_type=\"heading.default\">\n\t\t\t\t<div class=\"elementor-widget-container\">\n\t\t\t\t\t<h3 class=\"elementor-heading-title elementor-size-default\">Oprogramowanie sprzeda\u017cowe dla system\u00f3w SAIO<\/h3>\t\t\t\t<\/div>\n\t\t\t\t<\/div>\n\t\t\t\t<div class=\"elementor-element elementor-element-3c5b64b elementor-widget elementor-widget-heading\" data-id=\"3c5b64b\" data-element_type=\"widget\" data-e-type=\"widget\" data-widget_type=\"heading.default\">\n\t\t\t\t<div class=\"elementor-widget-container\">\n\t\t\t\t\t<h1 class=\"elementor-heading-title elementor-size-default\">Aplikacje dla system\u00f3w kasowych<\/h1>\t\t\t\t<\/div>\n\t\t\t\t<\/div>\n\t\t\t\t<div class=\"elementor-element elementor-element-7391fcc elementor-widget elementor-widget-text-editor\" data-id=\"7391fcc\" data-element_type=\"widget\" data-e-type=\"widget\" data-widget_type=\"text-editor.default\">\n\t\t\t\t<div class=\"elementor-widget-container\">\n\t\t\t\t\t\t\t\t\t<p class=\"\" data-start=\"283\" data-end=\"490\">Dobieramy i konfigurujemy aplikacje, kt\u00f3re najlepiej pasuj\u0105 do specyfiki Twojej dzia\u0142alno\u015bci. Dzi\u0119ki nim w pe\u0142ni wykorzystasz potencja\u0142 urz\u0105dze\u0144 SAIO, automatyzuj\u0105c sprzeda\u017c i zyskuj\u0105c pe\u0142n\u0105 kontrol\u0119 nad zarz\u0105dzaniem firm\u0105<\/p>\t\t\t\t\t\t\t\t<\/div>\n\t\t\t\t<\/div>\n\t\t\t\t<div class=\"elementor-element elementor-element-8fe3976 elementor-widget elementor-widget-button\" data-id=\"8fe3976\" data-element_type=\"widget\" data-e-type=\"widget\" data-widget_type=\"button.default\">\n\t\t\t\t<div class=\"elementor-widget-container\">\n\t\t\t\t\t\t\t\t\t<div class=\"elementor-button-wrapper\">\n\t\t\t\t\t<a class=\"elementor-button elementor-button-link elementor-size-sm\" href=\"https:\/\/inter-kas.pl\/kontakt\">\n\t\t\t\t\t\t<span class=\"elementor-button-content-wrapper\">\n\t\t\t\t\t\t\t\t\t<span class=\"elementor-button-text\">Porozmawiaj o wdro\u017ceniu<\/span>\n\t\t\t\t\t<\/span>\n\t\t\t\t\t<\/a>\n\t\t\t\t<\/div>\n\t\t\t\t\t\t\t\t<\/div>\n\t\t\t\t<\/div>\n\t\t\t\t<\/div>\n\t\t<div class=\"elementor-element elementor-element-6b038f6 e-con-full e-flex e-con e-child\" data-id=\"6b038f6\" data-element_type=\"container\" data-e-type=\"container\">\n\t\t\t\t<div class=\"elementor-element elementor-element-cf337e3 elementor-widget elementor-widget-image\" data-id=\"cf337e3\" data-element_type=\"widget\" data-e-type=\"widget\" data-widget_type=\"image.default\">\n\t\t\t\t<div class=\"elementor-widget-container\">\n\t\t\t\t\t\t\t\t\t\t\t\t\t\t\t<img fetchpriority=\"high\" decoding=\"async\" width=\"768\" height=\"768\" src=\"https:\/\/inter-kas.pl\/saio\/wp-content\/uploads\/2025\/04\/image-1-1-768x768.webp\" class=\"attachment-medium_large size-medium_large wp-image-273\" alt=\"Image (1)\" srcset=\"https:\/\/inter-kas.pl\/saio\/wp-content\/uploads\/2025\/04\/image-1-1-768x768.webp 768w, https:\/\/inter-kas.pl\/saio\/wp-content\/uploads\/2025\/04\/image-1-1-300x300.webp 300w, https:\/\/inter-kas.pl\/saio\/wp-content\/uploads\/2025\/04\/image-1-1-1024x1024.webp 1024w, https:\/\/inter-kas.pl\/saio\/wp-content\/uploads\/2025\/04\/image-1-1-150x150.webp 150w, https:\/\/inter-kas.pl\/saio\/wp-content\/uploads\/2025\/04\/image-1-1.webp 1200w\" sizes=\"(max-width: 768px) 100vw, 768px\" title=\"\">\t\t\t\t\t\t\t\t\t\t\t\t\t\t\t<\/div>\n\t\t\t\t<\/div>\n\t\t\t\t<\/div>\n\t\t\t\t\t<\/div>\n\t\t\t\t<\/div>\n\t\t<div class=\"elementor-element elementor-element-b2d86ec e-flex e-con-boxed e-con e-parent\" data-id=\"b2d86ec\" data-element_type=\"container\" data-e-type=\"container\">\n\t\t\t\t\t<div class=\"e-con-inner\">\n\t\t<div class=\"elementor-element elementor-element-37748d2 e-con-full e-flex e-con e-child\" data-id=\"37748d2\" data-element_type=\"container\" data-e-type=\"container\">\n\t\t\t\t<div class=\"elementor-element elementor-element-b460d8a elementor-position-top elementor-widget elementor-widget-image-box\" data-id=\"b460d8a\" data-element_type=\"widget\" data-e-type=\"widget\" data-widget_type=\"image-box.default\">\n\t\t\t\t<div class=\"elementor-widget-container\">\n\t\t\t\t\t<div class=\"elementor-image-box-wrapper\"><figure class=\"elementor-image-box-img\"><a href=\"https:\/\/inter-kas.pl\/saio\/aplikacje\/aplikacja-gopos\/\" tabindex=\"-1\"><img decoding=\"async\" width=\"640\" height=\"152\" src=\"https:\/\/inter-kas.pl\/saio\/wp-content\/uploads\/2025\/04\/gopos-logo.webp\" class=\"attachment-full size-full wp-image-244\" alt=\"Gopos Logo\" title=\"\" srcset=\"https:\/\/inter-kas.pl\/saio\/wp-content\/uploads\/2025\/04\/gopos-logo.webp 640w, https:\/\/inter-kas.pl\/saio\/wp-content\/uploads\/2025\/04\/gopos-logo-300x71.webp 300w\" sizes=\"(max-width: 640px) 100vw, 640px\" \/><\/a><\/figure><div class=\"elementor-image-box-content\"><h3 class=\"elementor-image-box-title\"><a href=\"https:\/\/inter-kas.pl\/saio\/aplikacje\/aplikacja-gopos\/\">GoPOS<\/a><\/h3><p class=\"elementor-image-box-description\">To szybki i nowoczesny system, kt\u00f3ry automatyzuje procesy sprzeda\u017cowe w ka\u017cdym typie biznesu. Jego g\u0142\u00f3wn\u0105 zalet\u0105 jest modu\u0142owa budowa \u2013 mo\u017cesz go dowolnie rozszerza\u0107 o dodatkowe funkcje, dopasowuj\u0105c oprogramowanie do w\u0142asnych wymaga\u0144. Aplikacja jest dost\u0119pna na urz\u0105dzeniu Posnet Vero.<\/p><\/div><\/div>\t\t\t\t<\/div>\n\t\t\t\t<\/div>\n\t\t\t\t<div class=\"elementor-element elementor-element-3cceaa7 elementor-align-center elementor-widget elementor-widget-button\" data-id=\"3cceaa7\" data-element_type=\"widget\" data-e-type=\"widget\" data-widget_type=\"button.default\">\n\t\t\t\t<div class=\"elementor-widget-container\">\n\t\t\t\t\t\t\t\t\t<div class=\"elementor-button-wrapper\">\n\t\t\t\t\t<a class=\"elementor-button elementor-button-link elementor-size-sm\" href=\"https:\/\/inter-kas.pl\/saio\/aplikacje\/aplikacja-gopos\/\">\n\t\t\t\t\t\t<span class=\"elementor-button-content-wrapper\">\n\t\t\t\t\t\t\t\t\t<span class=\"elementor-button-text\">Wi\u0119cej informacji<\/span>\n\t\t\t\t\t<\/span>\n\t\t\t\t\t<\/a>\n\t\t\t\t<\/div>\n\t\t\t\t\t\t\t\t<\/div>\n\t\t\t\t<\/div>\n\t\t\t\t<\/div>\n\t\t<div class=\"elementor-element elementor-element-d7ebd63 e-con-full e-flex e-con e-child\" data-id=\"d7ebd63\" data-element_type=\"container\" data-e-type=\"container\">\n\t\t\t\t<div class=\"elementor-element elementor-element-dca55d6 elementor-position-top elementor-widget elementor-widget-image-box\" data-id=\"dca55d6\" data-element_type=\"widget\" data-e-type=\"widget\" data-widget_type=\"image-box.default\">\n\t\t\t\t<div class=\"elementor-widget-container\">\n\t\t\t\t\t<div class=\"elementor-image-box-wrapper\"><figure class=\"elementor-image-box-img\"><a href=\"https:\/\/inter-kas.pl\/saio\/aplikacje\/aplikacja-pos-up\/\" tabindex=\"-1\"><img decoding=\"async\" width=\"640\" height=\"152\" src=\"https:\/\/inter-kas.pl\/saio\/wp-content\/uploads\/2026\/02\/posup.png\" class=\"attachment-full size-full wp-image-467\" alt=\"Posup\" title=\"\" srcset=\"https:\/\/inter-kas.pl\/saio\/wp-content\/uploads\/2026\/02\/posup.png 640w, https:\/\/inter-kas.pl\/saio\/wp-content\/uploads\/2026\/02\/posup-300x71.png 300w\" sizes=\"(max-width: 640px) 100vw, 640px\" \/><\/a><\/figure><div class=\"elementor-image-box-content\"><h3 class=\"elementor-image-box-title\"><a href=\"https:\/\/inter-kas.pl\/saio\/aplikacje\/aplikacja-pos-up\/\">POS-UP<\/a><\/h3><p class=\"elementor-image-box-description\">Autorskie rozwi\u0105zanie stworzone z my\u015bl\u0105 o maksymalnej stabilno\u015bci i pe\u0142nej kompatybilno\u015bci ze sprz\u0119tem. Gwarantuje p\u0142ynn\u0105, bezpieczn\u0105 prac\u0119 oraz bardzo prost\u0105 obs\u0142ug\u0119, kt\u00f3ra nie wymaga d\u0142ugiego szkolenia personelu. Oprogramowanie wsp\u00f3\u0142pracuje z modelami Pospay2 oraz Evo.<\/p><\/div><\/div>\t\t\t\t<\/div>\n\t\t\t\t<\/div>\n\t\t\t\t<div class=\"elementor-element elementor-element-0eb1dd9 elementor-align-center elementor-widget elementor-widget-button\" data-id=\"0eb1dd9\" data-element_type=\"widget\" data-e-type=\"widget\" data-widget_type=\"button.default\">\n\t\t\t\t<div class=\"elementor-widget-container\">\n\t\t\t\t\t\t\t\t\t<div class=\"elementor-button-wrapper\">\n\t\t\t\t\t<a class=\"elementor-button elementor-button-link elementor-size-sm\" href=\"https:\/\/inter-kas.pl\/saio\/aplikacje\/aplikacja-pos-up\/\">\n\t\t\t\t\t\t<span class=\"elementor-button-content-wrapper\">\n\t\t\t\t\t\t\t\t\t<span class=\"elementor-button-text\">Wi\u0119cej informacji<\/span>\n\t\t\t\t\t<\/span>\n\t\t\t\t\t<\/a>\n\t\t\t\t<\/div>\n\t\t\t\t\t\t\t\t<\/div>\n\t\t\t\t<\/div>\n\t\t\t\t<\/div>\n\t\t<div class=\"elementor-element elementor-element-9944a76 e-con-full e-flex e-con e-child\" data-id=\"9944a76\" data-element_type=\"container\" data-e-type=\"container\">\n\t\t\t\t<div class=\"elementor-element elementor-element-5f74df5 elementor-position-top elementor-widget elementor-widget-image-box\" data-id=\"5f74df5\" data-element_type=\"widget\" data-e-type=\"widget\" data-widget_type=\"image-box.default\">\n\t\t\t\t<div class=\"elementor-widget-container\">\n\t\t\t\t\t<div class=\"elementor-image-box-wrapper\"><figure class=\"elementor-image-box-img\"><a href=\"https:\/\/inter-kas.pl\/saio\/aplikacje\/aplikacja-ipos\/\" tabindex=\"-1\"><img loading=\"lazy\" decoding=\"async\" width=\"640\" height=\"152\" src=\"https:\/\/inter-kas.pl\/saio\/wp-content\/uploads\/2026\/02\/ipos.png\" class=\"attachment-full size-full wp-image-468\" alt=\"Ipos\" title=\"\" srcset=\"https:\/\/inter-kas.pl\/saio\/wp-content\/uploads\/2026\/02\/ipos.png 640w, https:\/\/inter-kas.pl\/saio\/wp-content\/uploads\/2026\/02\/ipos-300x71.png 300w\" sizes=\"(max-width: 640px) 100vw, 640px\" \/><\/a><\/figure><div class=\"elementor-image-box-content\"><h3 class=\"elementor-image-box-title\"><a href=\"https:\/\/inter-kas.pl\/saio\/aplikacje\/aplikacja-ipos\/\">iPOS<\/a><\/h3><p class=\"elementor-image-box-description\">Wszechstronny system, kt\u00f3ry \u0142\u0105czy obs\u0142ug\u0119 sprzeda\u017cy z zaawansowanym zarz\u0105dzaniem online. Pozwala na zdalne kontrolowanie raport\u00f3w, cennik\u00f3w i pracownik\u00f3w z dowolnego urz\u0105dzenia z dost\u0119pem do internetu. Dzi\u0119ki r\u00f3\u017cnym taryfom abonamentowym sam decydujesz, za jakie funkcje p\u0142acisz, a darmowe aktualizacje sprawiaj\u0105, \u017ce system rozwija si\u0119 wraz z Twoj\u0105 firm\u0105. Aplikacja dzia\u0142a na urz\u0105dzeniach Vero, Evo oraz Pospay2.<\/p><\/div><\/div>\t\t\t\t<\/div>\n\t\t\t\t<\/div>\n\t\t\t\t<div class=\"elementor-element elementor-element-f8e7c97 elementor-align-center elementor-widget elementor-widget-button\" data-id=\"f8e7c97\" data-element_type=\"widget\" data-e-type=\"widget\" data-widget_type=\"button.default\">\n\t\t\t\t<div class=\"elementor-widget-container\">\n\t\t\t\t\t\t\t\t\t<div class=\"elementor-button-wrapper\">\n\t\t\t\t\t<a class=\"elementor-button elementor-button-link elementor-size-sm\" href=\"https:\/\/inter-kas.pl\/saio\/aplikacje\/aplikacja-ipos\/\">\n\t\t\t\t\t\t<span class=\"elementor-button-content-wrapper\">\n\t\t\t\t\t\t\t\t\t<span class=\"elementor-button-text\">Wi\u0119cej informacji<\/span>\n\t\t\t\t\t<\/span>\n\t\t\t\t\t<\/a>\n\t\t\t\t<\/div>\n\t\t\t\t\t\t\t\t<\/div>\n\t\t\t\t<\/div>\n\t\t\t\t<\/div>\n\t\t\t\t\t<\/div>\n\t\t\t\t<\/div>\n\t\t<div class=\"elementor-element elementor-element-aaa371a e-flex e-con-boxed e-con e-parent\" data-id=\"aaa371a\" data-element_type=\"container\" data-e-type=\"container\">\n\t\t\t\t\t<div class=\"e-con-inner\">\n\t\t<div class=\"elementor-element elementor-element-a5c3f4b e-con-full e-flex e-con e-child\" data-id=\"a5c3f4b\" data-element_type=\"container\" data-e-type=\"container\">\n\t\t\t\t<div class=\"elementor-element elementor-element-5d8b113 elementor-position-top elementor-widget elementor-widget-image-box\" data-id=\"5d8b113\" data-element_type=\"widget\" data-e-type=\"widget\" data-widget_type=\"image-box.default\">\n\t\t\t\t<div class=\"elementor-widget-container\">\n\t\t\t\t\t<div class=\"elementor-image-box-wrapper\"><figure class=\"elementor-image-box-img\"><a href=\"https:\/\/inter-kas.pl\/saio\/aplikacja-mkasnet-dla-retailu\/\" tabindex=\"-1\"><img loading=\"lazy\" decoding=\"async\" width=\"640\" height=\"152\" src=\"https:\/\/inter-kas.pl\/saio\/wp-content\/uploads\/2026\/02\/mkas-net.png\" class=\"attachment-full size-full wp-image-469\" alt=\"Mkas Net\" title=\"\" srcset=\"https:\/\/inter-kas.pl\/saio\/wp-content\/uploads\/2026\/02\/mkas-net.png 640w, https:\/\/inter-kas.pl\/saio\/wp-content\/uploads\/2026\/02\/mkas-net-300x71.png 300w\" sizes=\"(max-width: 640px) 100vw, 640px\" \/><\/a><\/figure><div class=\"elementor-image-box-content\"><h3 class=\"elementor-image-box-title\"><a href=\"https:\/\/inter-kas.pl\/saio\/aplikacja-mkasnet-dla-retailu\/\">mKasNet dla retailu<\/a><\/h3><p class=\"elementor-image-box-description\">Specjalistyczna aplikacja stworzona z my\u015bl\u0105 o bran\u017cy handlowej, w szczeg\u00f3lno\u015bci dla sklep\u00f3w spo\u017cywczych i wielobran\u017cowych. System oferuje szereg narz\u0119dzi wspieraj\u0105cych codzienne rozliczenia oraz sprawn\u0105 obs\u0142ug\u0119 transakcji detalicznych. Oprogramowanie jest dedykowane dla platformy Posnet Vero.<\/p><\/div><\/div>\t\t\t\t<\/div>\n\t\t\t\t<\/div>\n\t\t\t\t<div class=\"elementor-element elementor-element-cdff6fd elementor-align-center elementor-widget elementor-widget-button\" data-id=\"cdff6fd\" data-element_type=\"widget\" data-e-type=\"widget\" data-widget_type=\"button.default\">\n\t\t\t\t<div class=\"elementor-widget-container\">\n\t\t\t\t\t\t\t\t\t<div class=\"elementor-button-wrapper\">\n\t\t\t\t\t<a class=\"elementor-button elementor-button-link elementor-size-sm\" href=\"https:\/\/inter-kas.pl\/saio\/aplikacja-mkasnet-dla-retailu\/\">\n\t\t\t\t\t\t<span class=\"elementor-button-content-wrapper\">\n\t\t\t\t\t\t\t\t\t<span class=\"elementor-button-text\">Wi\u0119cej informacji<\/span>\n\t\t\t\t\t<\/span>\n\t\t\t\t\t<\/a>\n\t\t\t\t<\/div>\n\t\t\t\t\t\t\t\t<\/div>\n\t\t\t\t<\/div>\n\t\t\t\t<\/div>\n\t\t<div class=\"elementor-element elementor-element-e8e39b9 e-con-full e-flex e-con e-child\" data-id=\"e8e39b9\" data-element_type=\"container\" data-e-type=\"container\">\n\t\t\t\t<\/div>\n\t\t<div class=\"elementor-element elementor-element-e02641a e-con-full e-flex e-con e-child\" data-id=\"e02641a\" data-element_type=\"container\" data-e-type=\"container\">\n\t\t\t\t<\/div>\n\t\t\t\t\t<\/div>\n\t\t\t\t<\/div>\n\t\t<div class=\"elementor-element elementor-element-225c93a e-flex e-con-boxed e-con e-parent\" data-id=\"225c93a\" data-element_type=\"container\" data-e-type=\"container\" data-settings=\"{&quot;background_background&quot;:&quot;classic&quot;}\">\n\t\t\t\t\t<div class=\"e-con-inner\">\n\t\t\t\t<div class=\"elementor-element elementor-element-a908f90 elementor-widget elementor-widget-heading\" data-id=\"a908f90\" data-element_type=\"widget\" data-e-type=\"widget\" data-widget_type=\"heading.default\">\n\t\t\t\t<div class=\"elementor-widget-container\">\n\t\t\t\t\t<p class=\"elementor-heading-title elementor-size-default\">Nie wiesz, kt\u00f3ra aplikacja b\u0119dzie najlepsza dla Twojego biznesu? <br>Skontaktuj si\u0119 z nami - pomo\u017cemy Ci dobra\u0107 odpowiednie rozwi\u0105zanie.<\/p>\t\t\t\t<\/div>\n\t\t\t\t<\/div>\n\t\t\t\t\t<\/div>\n\t\t\t\t<\/div>\n\t\t\t\t<\/div>\n\t\t","protected":false},"excerpt":{"rendered":"<p>Oprogramowanie sprzeda\u017cowe dla system\u00f3w SAIO Aplikacje dla system\u00f3w kasowych Dobieramy i konfigurujemy aplikacje, kt\u00f3re najlepiej pasuj\u0105 do specyfiki Twojej dzia\u0142alno\u015bci. [&hellip;]<\/p>\n","protected":false},"author":1,"featured_media":0,"parent":0,"menu_order":0,"comment_status":"closed","ping_status":"closed","template":"","meta":{"site-sidebar-layout":"no-sidebar","site-content-layout":"","ast-site-content-layout":"full-width-container","site-content-style":"default","site-sidebar-style":"default","ast-global-header-display":"","ast-banner-title-visibility":"","ast-main-header-display":"","ast-hfb-above-header-display":"","ast-hfb-below-header-display":"","ast-hfb-mobile-header-display":"","site-post-title":"disabled","ast-breadcrumbs-content":"","ast-featured-img":"disabled","footer-sml-layout":"","ast-disable-related-posts":"","theme-transparent-header-meta":"","adv-header-id-meta":"","stick-header-meta":"","header-above-stick-meta":"","header-main-stick-meta":"","header-below-stick-meta":"","astra-migrate-meta-layouts":"default","ast-page-background-enabled":"default","ast-page-background-meta":{"desktop":{"background-color":"var(--ast-global-color-5)","background-image":"","background-repeat":"repeat","background-position":"center center","background-size":"auto","background-attachment":"scroll","background-type":"","background-media":"","overlay-type":"","overlay-color":"","overlay-opacity":"","overlay-gradient":""},"tablet":{"background-color":"","background-image":"","background-repeat":"repeat","background-position":"center center","background-size":"auto","background-attachment":"scroll","background-type":"","background-media":"","overlay-type":"","overlay-color":"","overlay-opacity":"","overlay-gradient":""},"mobile":{"background-color":"","background-image":"","background-repeat":"repeat","background-position":"center center","background-size":"auto","background-attachment":"scroll","background-type":"","background-media":"","overlay-type":"","overlay-color":"","overlay-opacity":"","overlay-gradient":""}},"ast-content-background-meta":{"desktop":{"background-color":"var(--ast-global-color-4)","background-image":"","background-repeat":"repeat","background-position":"center center","background-size":"auto","background-attachment":"scroll","background-type":"","background-media":"","overlay-type":"","overlay-color":"","overlay-opacity":"","overlay-gradient":""},"tablet":{"background-color":"var(--ast-global-color-4)","background-image":"","background-repeat":"repeat","background-position":"center center","background-size":"auto","background-attachment":"scroll","background-type":"","background-media":"","overlay-type":"","overlay-color":"","overlay-opacity":"","overlay-gradient":""},"mobile":{"background-color":"var(--ast-global-color-4)","background-image":"","background-repeat":"repeat","background-position":"center center","background-size":"auto","background-attachment":"scroll","background-type":"","background-media":"","overlay-type":"","overlay-color":"","overlay-opacity":"","overlay-gradient":""}},"footnotes":""},"class_list":["post-391","page","type-page","status-publish","hentry"],"_links":{"self":[{"href":"https:\/\/inter-kas.pl\/saio\/wp-json\/wp\/v2\/pages\/391","targetHints":{"allow":["GET"]}}],"collection":[{"href":"https:\/\/inter-kas.pl\/saio\/wp-json\/wp\/v2\/pages"}],"about":[{"href":"https:\/\/inter-kas.pl\/saio\/wp-json\/wp\/v2\/types\/page"}],"author":[{"embeddable":true,"href":"https:\/\/inter-kas.pl\/saio\/wp-json\/wp\/v2\/users\/1"}],"replies":[{"embeddable":true,"href":"https:\/\/inter-kas.pl\/saio\/wp-json\/wp\/v2\/comments?post=391"}],"version-history":[{"count":10,"href":"https:\/\/inter-kas.pl\/saio\/wp-json\/wp\/v2\/pages\/391\/revisions"}],"predecessor-version":[{"id":481,"href":"https:\/\/inter-kas.pl\/saio\/wp-json\/wp\/v2\/pages\/391\/revisions\/481"}],"wp:attachment":[{"href":"https:\/\/inter-kas.pl\/saio\/wp-json\/wp\/v2\/media?parent=391"}],"curies":[{"name":"wp","href":"https:\/\/api.w.org\/{rel}","templated":true}]}}